{"id":9651,"date":"2019-05-16T16:27:05","date_gmt":"2019-05-16T20:27:05","guid":{"rendered":"https:\/\/eurokera.com\/?page_id=9651"},"modified":"2025-06-11T15:12:06","modified_gmt":"2025-06-11T19:12:06","slug":"cheminees","status":"publish","type":"page","link":"https:\/\/eurokera.com\/fr\/cheminees\/","title":{"rendered":"Chemin\u00e9es"},"content":{"rendered":"","protected":false},"excerpt":{"rendered":"","protected":false},"author":3,"featured_media":9166,"parent":0,"menu_order":0,"comment_status":"closed","ping_status":"closed","template":"","meta":{"_acf_changed":false,"footnotes":""},"class_list":["post-9651","page","type-page","status-publish","has-post-thumbnail","hentry"],"acf":[],"yoast_head":"<!-- This site is optimized with the Yoast SEO plugin v26.9 - https:\/\/yoast.com\/product\/yoast-seo-wordpress\/ -->\n<title>Chemin\u00e9es - EuroKera<\/title>\n<meta name=\"description\" content=\"Con\u00e7u sp\u00e9cialement pour chemin\u00e9es et compatible avec tous types de combustion, KeraLite\u00ae par EuroKera vous assure la s\u00e9curit\u00e9 n\u00e9cessaire et surpasse les capacit\u00e9s des autres types de verre plus traditionnels.\" \/>\n<meta name=\"robots\" content=\"index, follow, max-snippet:-1, max-image-preview:large, max-video-preview:-1\" \/>\n<link rel=\"canonical\" href=\"https:\/\/eurokera.com\/fr\/cheminees\/\" \/>\n<meta property=\"og:locale\" content=\"fr_FR\" \/>\n<meta property=\"og:type\" content=\"article\" \/>\n<meta property=\"og:title\" content=\"Chemin\u00e9es - EuroKera\" \/>\n<meta property=\"og:description\" content=\"Con\u00e7u sp\u00e9cialement pour chemin\u00e9es et compatible avec tous types de combustion, KeraLite\u00ae par EuroKera vous assure la s\u00e9curit\u00e9 n\u00e9cessaire et surpasse les capacit\u00e9s des autres types de verre plus traditionnels.\" \/>\n<meta property=\"og:url\" content=\"https:\/\/eurokera.com\/fr\/cheminees\/\" \/>\n<meta property=\"og:site_name\" content=\"EuroKera\" \/>\n<meta property=\"article:publisher\" content=\"https:\/\/www.facebook.com\/eurokera\/\" \/>\n<meta property=\"article:modified_time\" content=\"2025-06-11T19:12:06+00:00\" \/>\n<meta property=\"og:image\" content=\"https:\/\/eurokera.com\/wp-content\/uploads\/2019\/04\/fireplaces_lifestyle_lady_log_blanket-copy.jpg\" \/>\n\t<meta property=\"og:image:width\" content=\"1920\" \/>\n\t<meta property=\"og:image:height\" content=\"1280\" \/>\n\t<meta property=\"og:image:type\" content=\"image\/jpeg\" \/>\n<meta name=\"twitter:card\" content=\"summary_large_image\" \/>\n<script type=\"application\/ld+json\" class=\"yoast-schema-graph\">{\"@context\":\"https:\/\/schema.org\",\"@graph\":[{\"@type\":\"WebPage\",\"@id\":\"https:\/\/eurokera.com\/fr\/cheminees\/\",\"url\":\"https:\/\/eurokera.com\/fr\/cheminees\/\",\"name\":\"Chemin\u00e9es - EuroKera\",\"isPartOf\":{\"@id\":\"https:\/\/eurokera.com\/fr\/#website\"},\"primaryImageOfPage\":{\"@id\":\"https:\/\/eurokera.com\/fr\/cheminees\/#primaryimage\"},\"image\":{\"@id\":\"https:\/\/eurokera.com\/fr\/cheminees\/#primaryimage\"},\"thumbnailUrl\":\"https:\/\/eurokera.com\/wp-content\/uploads\/2019\/04\/fireplaces_lifestyle_lady_log_blanket-copy.jpg\",\"datePublished\":\"2019-05-16T20:27:05+00:00\",\"dateModified\":\"2025-06-11T19:12:06+00:00\",\"description\":\"Con\u00e7u sp\u00e9cialement pour chemin\u00e9es et compatible avec tous types de combustion, KeraLite\u00ae par EuroKera vous assure la s\u00e9curit\u00e9 n\u00e9cessaire et surpasse les capacit\u00e9s des autres types de verre plus traditionnels.\",\"breadcrumb\":{\"@id\":\"https:\/\/eurokera.com\/fr\/cheminees\/#breadcrumb\"},\"inLanguage\":\"fr-FR\",\"potentialAction\":[{\"@type\":\"ReadAction\",\"target\":[\"https:\/\/eurokera.com\/fr\/cheminees\/\"]}]},{\"@type\":\"ImageObject\",\"inLanguage\":\"fr-FR\",\"@id\":\"https:\/\/eurokera.com\/fr\/cheminees\/#primaryimage\",\"url\":\"https:\/\/eurokera.com\/wp-content\/uploads\/2019\/04\/fireplaces_lifestyle_lady_log_blanket-copy.jpg\",\"contentUrl\":\"https:\/\/eurokera.com\/wp-content\/uploads\/2019\/04\/fireplaces_lifestyle_lady_log_blanket-copy.jpg\",\"width\":1920,\"height\":1280,\"caption\":\"Beautiful middle-aged woman inserts wooden logs into the fireplace. Living room with fire\"},{\"@type\":\"BreadcrumbList\",\"@id\":\"https:\/\/eurokera.com\/fr\/cheminees\/#breadcrumb\",\"itemListElement\":[{\"@type\":\"ListItem\",\"position\":1,\"name\":\"Home\",\"item\":\"https:\/\/eurokera.com\/fr\/\"},{\"@type\":\"ListItem\",\"position\":2,\"name\":\"Chemin\u00e9es\"}]},{\"@type\":\"WebSite\",\"@id\":\"https:\/\/eurokera.com\/fr\/#website\",\"url\":\"https:\/\/eurokera.com\/fr\/\",\"name\":\"EuroKera\",\"description\":\"EuroKera Innovators of Glass-Ceramic Solutions\",\"potentialAction\":[{\"@type\":\"SearchAction\",\"target\":{\"@type\":\"EntryPoint\",\"urlTemplate\":\"https:\/\/eurokera.com\/fr\/?s={search_term_string}\"},\"query-input\":{\"@type\":\"PropertyValueSpecification\",\"valueRequired\":true,\"valueName\":\"search_term_string\"}}],\"inLanguage\":\"fr-FR\"}]}<\/script>\n<!-- \/ Yoast SEO plugin. -->","yoast_head_json":{"title":"Chemin\u00e9es - EuroKera","description":"Con\u00e7u sp\u00e9cialement pour chemin\u00e9es et compatible avec tous types de combustion, KeraLite\u00ae par EuroKera vous assure la s\u00e9curit\u00e9 n\u00e9cessaire et surpasse les capacit\u00e9s des autres types de verre plus traditionnels.","robots":{"index":"index","follow":"follow","max-snippet":"max-snippet:-1","max-image-preview":"max-image-preview:large","max-video-preview":"max-video-preview:-1"},"canonical":"https:\/\/eurokera.com\/fr\/cheminees\/","og_locale":"fr_FR","og_type":"article","og_title":"Chemin\u00e9es - EuroKera","og_description":"Con\u00e7u sp\u00e9cialement pour chemin\u00e9es et compatible avec tous types de combustion, KeraLite\u00ae par EuroKera vous assure la s\u00e9curit\u00e9 n\u00e9cessaire et surpasse les capacit\u00e9s des autres types de verre plus traditionnels.","og_url":"https:\/\/eurokera.com\/fr\/cheminees\/","og_site_name":"EuroKera","article_publisher":"https:\/\/www.facebook.com\/eurokera\/","article_modified_time":"2025-06-11T19:12:06+00:00","og_image":[{"width":1920,"height":1280,"url":"https:\/\/eurokera.com\/wp-content\/uploads\/2019\/04\/fireplaces_lifestyle_lady_log_blanket-copy.jpg","type":"image\/jpeg"}],"twitter_card":"summary_large_image","schema":{"@context":"https:\/\/schema.org","@graph":[{"@type":"WebPage","@id":"https:\/\/eurokera.com\/fr\/cheminees\/","url":"https:\/\/eurokera.com\/fr\/cheminees\/","name":"Chemin\u00e9es - EuroKera","isPartOf":{"@id":"https:\/\/eurokera.com\/fr\/#website"},"primaryImageOfPage":{"@id":"https:\/\/eurokera.com\/fr\/cheminees\/#primaryimage"},"image":{"@id":"https:\/\/eurokera.com\/fr\/cheminees\/#primaryimage"},"thumbnailUrl":"https:\/\/eurokera.com\/wp-content\/uploads\/2019\/04\/fireplaces_lifestyle_lady_log_blanket-copy.jpg","datePublished":"2019-05-16T20:27:05+00:00","dateModified":"2025-06-11T19:12:06+00:00","description":"Con\u00e7u sp\u00e9cialement pour chemin\u00e9es et compatible avec tous types de combustion, KeraLite\u00ae par EuroKera vous assure la s\u00e9curit\u00e9 n\u00e9cessaire et surpasse les capacit\u00e9s des autres types de verre plus traditionnels.","breadcrumb":{"@id":"https:\/\/eurokera.com\/fr\/cheminees\/#breadcrumb"},"inLanguage":"fr-FR","potentialAction":[{"@type":"ReadAction","target":["https:\/\/eurokera.com\/fr\/cheminees\/"]}]},{"@type":"ImageObject","inLanguage":"fr-FR","@id":"https:\/\/eurokera.com\/fr\/cheminees\/#primaryimage","url":"https:\/\/eurokera.com\/wp-content\/uploads\/2019\/04\/fireplaces_lifestyle_lady_log_blanket-copy.jpg","contentUrl":"https:\/\/eurokera.com\/wp-content\/uploads\/2019\/04\/fireplaces_lifestyle_lady_log_blanket-copy.jpg","width":1920,"height":1280,"caption":"Beautiful middle-aged woman inserts wooden logs into the fireplace. Living room with fire"},{"@type":"BreadcrumbList","@id":"https:\/\/eurokera.com\/fr\/cheminees\/#breadcrumb","itemListElement":[{"@type":"ListItem","position":1,"name":"Home","item":"https:\/\/eurokera.com\/fr\/"},{"@type":"ListItem","position":2,"name":"Chemin\u00e9es"}]},{"@type":"WebSite","@id":"https:\/\/eurokera.com\/fr\/#website","url":"https:\/\/eurokera.com\/fr\/","name":"EuroKera","description":"EuroKera Innovators of Glass-Ceramic Solutions","potentialAction":[{"@type":"SearchAction","target":{"@type":"EntryPoint","urlTemplate":"https:\/\/eurokera.com\/fr\/?s={search_term_string}"},"query-input":{"@type":"PropertyValueSpecification","valueRequired":true,"valueName":"search_term_string"}}],"inLanguage":"fr-FR"}]}},"_links":{"self":[{"href":"https:\/\/eurokera.com\/fr\/wp-json\/wp\/v2\/pages\/9651","targetHints":{"allow":["GET"]}}],"collection":[{"href":"https:\/\/eurokera.com\/fr\/wp-json\/wp\/v2\/pages"}],"about":[{"href":"https:\/\/eurokera.com\/fr\/wp-json\/wp\/v2\/types\/page"}],"author":[{"embeddable":true,"href":"https:\/\/eurokera.com\/fr\/wp-json\/wp\/v2\/users\/3"}],"replies":[{"embeddable":true,"href":"https:\/\/eurokera.com\/fr\/wp-json\/wp\/v2\/comments?post=9651"}],"version-history":[{"count":0,"href":"https:\/\/eurokera.com\/fr\/wp-json\/wp\/v2\/pages\/9651\/revisions"}],"wp:featuredmedia":[{"embeddable":true,"href":"https:\/\/eurokera.com\/fr\/wp-json\/wp\/v2\/media\/9166"}],"wp:attachment":[{"href":"https:\/\/eurokera.com\/fr\/wp-json\/wp\/v2\/media?parent=9651"}],"curies":[{"name":"wp","href":"https:\/\/api.w.org\/{rel}","templated":true}]}}