{"id":4956,"date":"2018-08-24T13:33:45","date_gmt":"2018-08-24T17:33:45","guid":{"rendered":"https:\/\/eurokera.com\/?page_id=4956"},"modified":"2025-07-28T13:32:51","modified_gmt":"2025-07-28T17:32:51","slug":"fabricants","status":"publish","type":"page","link":"https:\/\/eurokera.com\/fr\/cuisson\/fabricants\/","title":{"rendered":"Fabricants"},"content":{"rendered":"","protected":false},"excerpt":{"rendered":"","protected":false},"author":3,"featured_media":3530,"parent":4880,"menu_order":0,"comment_status":"closed","ping_status":"closed","template":"page-templates\/cooktop-makers.php","meta":{"_acf_changed":false,"footnotes":""},"class_list":["post-4956","page","type-page","status-publish","has-post-thumbnail","hentry"],"acf":[],"yoast_head":"<!-- This site is optimized with the Yoast SEO plugin v26.9 - https:\/\/yoast.com\/product\/yoast-seo-wordpress\/ -->\n<title>EuroKera est le fournisseur #1 de vitroc\u00e9ramique aupr\u00e8s des fabricants d&#039;\u00e9lectrom\u00e9nager.<\/title>\n<meta name=\"description\" content=\"Les fabricants d&#039;appareils de cuisson choisissent la vitroc\u00e9ramique EuroKera pour cr\u00e9er des plaques de cuisson au gaz, \u00e9lectriques ou \u00e0 induction, in\u00e9dites et innovantes.\" \/>\n<meta name=\"robots\" content=\"index, follow, max-snippet:-1, max-image-preview:large, max-video-preview:-1\" \/>\n<link rel=\"canonical\" href=\"https:\/\/eurokera.com\/fr\/cuisson\/fabricants\/\" \/>\n<meta property=\"og:locale\" content=\"fr_FR\" \/>\n<meta property=\"og:type\" content=\"article\" \/>\n<meta property=\"og:title\" content=\"EuroKera est le fournisseur #1 de vitroc\u00e9ramique aupr\u00e8s des fabricants d&#039;\u00e9lectrom\u00e9nager.\" \/>\n<meta property=\"og:description\" content=\"Les fabricants d&#039;appareils de cuisson choisissent la vitroc\u00e9ramique EuroKera pour cr\u00e9er des plaques de cuisson au gaz, \u00e9lectriques ou \u00e0 induction, in\u00e9dites et innovantes.\" \/>\n<meta property=\"og:url\" content=\"https:\/\/eurokera.com\/fr\/cuisson\/fabricants\/\" \/>\n<meta property=\"og:site_name\" content=\"EuroKera\" \/>\n<meta property=\"article:publisher\" content=\"https:\/\/www.facebook.com\/eurokera\/\" \/>\n<meta property=\"article:modified_time\" content=\"2025-07-28T17:32:51+00:00\" \/>\n<meta property=\"og:image\" content=\"https:\/\/eurokera.com\/wp-content\/uploads\/2018\/02\/Header_Cooktop_Manufacturer_Overlay_30.jpg\" \/>\n\t<meta property=\"og:image:width\" content=\"1600\" \/>\n\t<meta property=\"og:image:height\" content=\"800\" \/>\n\t<meta property=\"og:image:type\" content=\"image\/jpeg\" \/>\n<meta name=\"twitter:card\" content=\"summary_large_image\" \/>\n<script type=\"application\/ld+json\" class=\"yoast-schema-graph\">{\"@context\":\"https:\/\/schema.org\",\"@graph\":[{\"@type\":\"WebPage\",\"@id\":\"https:\/\/eurokera.com\/fr\/cuisson\/fabricants\/\",\"url\":\"https:\/\/eurokera.com\/fr\/cuisson\/fabricants\/\",\"name\":\"EuroKera est le fournisseur #1 de vitroc\u00e9ramique aupr\u00e8s des fabricants d'\u00e9lectrom\u00e9nager.\",\"isPartOf\":{\"@id\":\"https:\/\/eurokera.com\/fr\/#website\"},\"primaryImageOfPage\":{\"@id\":\"https:\/\/eurokera.com\/fr\/cuisson\/fabricants\/#primaryimage\"},\"image\":{\"@id\":\"https:\/\/eurokera.com\/fr\/cuisson\/fabricants\/#primaryimage\"},\"thumbnailUrl\":\"https:\/\/eurokera.com\/wp-content\/uploads\/2018\/02\/Header_Cooktop_Manufacturer_Overlay_30.jpg\",\"datePublished\":\"2018-08-24T17:33:45+00:00\",\"dateModified\":\"2025-07-28T17:32:51+00:00\",\"description\":\"Les fabricants d'appareils de cuisson choisissent la vitroc\u00e9ramique EuroKera pour cr\u00e9er des plaques de cuisson au gaz, \u00e9lectriques ou \u00e0 induction, in\u00e9dites et innovantes.\",\"breadcrumb\":{\"@id\":\"https:\/\/eurokera.com\/fr\/cuisson\/fabricants\/#breadcrumb\"},\"inLanguage\":\"fr-FR\",\"potentialAction\":[{\"@type\":\"ReadAction\",\"target\":[\"https:\/\/eurokera.com\/fr\/cuisson\/fabricants\/\"]}]},{\"@type\":\"ImageObject\",\"inLanguage\":\"fr-FR\",\"@id\":\"https:\/\/eurokera.com\/fr\/cuisson\/fabricants\/#primaryimage\",\"url\":\"https:\/\/eurokera.com\/wp-content\/uploads\/2018\/02\/Header_Cooktop_Manufacturer_Overlay_30.jpg\",\"contentUrl\":\"https:\/\/eurokera.com\/wp-content\/uploads\/2018\/02\/Header_Cooktop_Manufacturer_Overlay_30.jpg\",\"width\":1600,\"height\":800},{\"@type\":\"BreadcrumbList\",\"@id\":\"https:\/\/eurokera.com\/fr\/cuisson\/fabricants\/#breadcrumb\",\"itemListElement\":[{\"@type\":\"ListItem\",\"position\":1,\"name\":\"Home\",\"item\":\"https:\/\/eurokera.com\/fr\/\"},{\"@type\":\"ListItem\",\"position\":2,\"name\":\"Cuisson\",\"item\":\"https:\/\/eurokera.com\/fr\/cuisson\/\"},{\"@type\":\"ListItem\",\"position\":3,\"name\":\"Fabricants\"}]},{\"@type\":\"WebSite\",\"@id\":\"https:\/\/eurokera.com\/fr\/#website\",\"url\":\"https:\/\/eurokera.com\/fr\/\",\"name\":\"EuroKera\",\"description\":\"EuroKera Innovators of Glass-Ceramic Solutions\",\"potentialAction\":[{\"@type\":\"SearchAction\",\"target\":{\"@type\":\"EntryPoint\",\"urlTemplate\":\"https:\/\/eurokera.com\/fr\/?s={search_term_string}\"},\"query-input\":{\"@type\":\"PropertyValueSpecification\",\"valueRequired\":true,\"valueName\":\"search_term_string\"}}],\"inLanguage\":\"fr-FR\"}]}<\/script>\n<!-- \/ Yoast SEO plugin. -->","yoast_head_json":{"title":"EuroKera est le fournisseur #1 de vitroc\u00e9ramique aupr\u00e8s des fabricants d'\u00e9lectrom\u00e9nager.","description":"Les fabricants d'appareils de cuisson choisissent la vitroc\u00e9ramique EuroKera pour cr\u00e9er des plaques de cuisson au gaz, \u00e9lectriques ou \u00e0 induction, in\u00e9dites et innovantes.","robots":{"index":"index","follow":"follow","max-snippet":"max-snippet:-1","max-image-preview":"max-image-preview:large","max-video-preview":"max-video-preview:-1"},"canonical":"https:\/\/eurokera.com\/fr\/cuisson\/fabricants\/","og_locale":"fr_FR","og_type":"article","og_title":"EuroKera est le fournisseur #1 de vitroc\u00e9ramique aupr\u00e8s des fabricants d'\u00e9lectrom\u00e9nager.","og_description":"Les fabricants d'appareils de cuisson choisissent la vitroc\u00e9ramique EuroKera pour cr\u00e9er des plaques de cuisson au gaz, \u00e9lectriques ou \u00e0 induction, in\u00e9dites et innovantes.","og_url":"https:\/\/eurokera.com\/fr\/cuisson\/fabricants\/","og_site_name":"EuroKera","article_publisher":"https:\/\/www.facebook.com\/eurokera\/","article_modified_time":"2025-07-28T17:32:51+00:00","og_image":[{"width":1600,"height":800,"url":"https:\/\/eurokera.com\/wp-content\/uploads\/2018\/02\/Header_Cooktop_Manufacturer_Overlay_30.jpg","type":"image\/jpeg"}],"twitter_card":"summary_large_image","schema":{"@context":"https:\/\/schema.org","@graph":[{"@type":"WebPage","@id":"https:\/\/eurokera.com\/fr\/cuisson\/fabricants\/","url":"https:\/\/eurokera.com\/fr\/cuisson\/fabricants\/","name":"EuroKera est le fournisseur #1 de vitroc\u00e9ramique aupr\u00e8s des fabricants d'\u00e9lectrom\u00e9nager.","isPartOf":{"@id":"https:\/\/eurokera.com\/fr\/#website"},"primaryImageOfPage":{"@id":"https:\/\/eurokera.com\/fr\/cuisson\/fabricants\/#primaryimage"},"image":{"@id":"https:\/\/eurokera.com\/fr\/cuisson\/fabricants\/#primaryimage"},"thumbnailUrl":"https:\/\/eurokera.com\/wp-content\/uploads\/2018\/02\/Header_Cooktop_Manufacturer_Overlay_30.jpg","datePublished":"2018-08-24T17:33:45+00:00","dateModified":"2025-07-28T17:32:51+00:00","description":"Les fabricants d'appareils de cuisson choisissent la vitroc\u00e9ramique EuroKera pour cr\u00e9er des plaques de cuisson au gaz, \u00e9lectriques ou \u00e0 induction, in\u00e9dites et innovantes.","breadcrumb":{"@id":"https:\/\/eurokera.com\/fr\/cuisson\/fabricants\/#breadcrumb"},"inLanguage":"fr-FR","potentialAction":[{"@type":"ReadAction","target":["https:\/\/eurokera.com\/fr\/cuisson\/fabricants\/"]}]},{"@type":"ImageObject","inLanguage":"fr-FR","@id":"https:\/\/eurokera.com\/fr\/cuisson\/fabricants\/#primaryimage","url":"https:\/\/eurokera.com\/wp-content\/uploads\/2018\/02\/Header_Cooktop_Manufacturer_Overlay_30.jpg","contentUrl":"https:\/\/eurokera.com\/wp-content\/uploads\/2018\/02\/Header_Cooktop_Manufacturer_Overlay_30.jpg","width":1600,"height":800},{"@type":"BreadcrumbList","@id":"https:\/\/eurokera.com\/fr\/cuisson\/fabricants\/#breadcrumb","itemListElement":[{"@type":"ListItem","position":1,"name":"Home","item":"https:\/\/eurokera.com\/fr\/"},{"@type":"ListItem","position":2,"name":"Cuisson","item":"https:\/\/eurokera.com\/fr\/cuisson\/"},{"@type":"ListItem","position":3,"name":"Fabricants"}]},{"@type":"WebSite","@id":"https:\/\/eurokera.com\/fr\/#website","url":"https:\/\/eurokera.com\/fr\/","name":"EuroKera","description":"EuroKera Innovators of Glass-Ceramic Solutions","potentialAction":[{"@type":"SearchAction","target":{"@type":"EntryPoint","urlTemplate":"https:\/\/eurokera.com\/fr\/?s={search_term_string}"},"query-input":{"@type":"PropertyValueSpecification","valueRequired":true,"valueName":"search_term_string"}}],"inLanguage":"fr-FR"}]}},"_links":{"self":[{"href":"https:\/\/eurokera.com\/fr\/wp-json\/wp\/v2\/pages\/4956","targetHints":{"allow":["GET"]}}],"collection":[{"href":"https:\/\/eurokera.com\/fr\/wp-json\/wp\/v2\/pages"}],"about":[{"href":"https:\/\/eurokera.com\/fr\/wp-json\/wp\/v2\/types\/page"}],"author":[{"embeddable":true,"href":"https:\/\/eurokera.com\/fr\/wp-json\/wp\/v2\/users\/3"}],"replies":[{"embeddable":true,"href":"https:\/\/eurokera.com\/fr\/wp-json\/wp\/v2\/comments?post=4956"}],"version-history":[{"count":0,"href":"https:\/\/eurokera.com\/fr\/wp-json\/wp\/v2\/pages\/4956\/revisions"}],"up":[{"embeddable":true,"href":"https:\/\/eurokera.com\/fr\/wp-json\/wp\/v2\/pages\/4880"}],"wp:featuredmedia":[{"embeddable":true,"href":"https:\/\/eurokera.com\/fr\/wp-json\/wp\/v2\/media\/3530"}],"wp:attachment":[{"href":"https:\/\/eurokera.com\/fr\/wp-json\/wp\/v2\/media?parent=4956"}],"curies":[{"name":"wp","href":"https:\/\/api.w.org\/{rel}","templated":true}]}}