{"id":4955,"date":"2018-08-24T13:33:57","date_gmt":"2018-08-24T17:33:57","guid":{"rendered":"https:\/\/eurokera.com\/?page_id=4955"},"modified":"2025-07-28T13:18:12","modified_gmt":"2025-07-28T17:18:12","slug":"utilisateurs","status":"publish","type":"page","link":"https:\/\/eurokera.com\/fr\/cuisson\/utilisateurs\/","title":{"rendered":"Utilisateurs"},"content":{"rendered":"","protected":false},"excerpt":{"rendered":"","protected":false},"author":3,"featured_media":3535,"parent":4880,"menu_order":0,"comment_status":"closed","ping_status":"closed","template":"page-templates\/cooktop-users.php","meta":{"_acf_changed":false,"footnotes":""},"class_list":["post-4955","page","type-page","status-publish","has-post-thumbnail","hentry"],"acf":[],"yoast_head":"<!-- This site is optimized with the Yoast SEO plugin v26.9 - https:\/\/yoast.com\/product\/yoast-seo-wordpress\/ -->\n<title>Les utilisateurs de tables de cuisson en vitroc\u00e9ramique optent pour le raffinement, l&#039;\u00e9l\u00e9gance et la performance de nos produits.<\/title>\n<meta name=\"description\" content=\"Identifiez les tables de cuisson en vitroc\u00e9ramique avec le logo EuroKera\u00a0: un gage de qualit\u00e9 et d&#039;avanc\u00e9e technologique en mati\u00e8re de tables de cuisson \u00e9lectrique, \u00e0 induction et au gaz.\" \/>\n<meta name=\"robots\" content=\"index, follow, max-snippet:-1, max-image-preview:large, max-video-preview:-1\" \/>\n<link rel=\"canonical\" href=\"https:\/\/eurokera.com\/fr\/cuisson\/utilisateurs\/\" \/>\n<meta property=\"og:locale\" content=\"fr_FR\" \/>\n<meta property=\"og:type\" content=\"article\" \/>\n<meta property=\"og:title\" content=\"Les utilisateurs de tables de cuisson en vitroc\u00e9ramique optent pour le raffinement, l&#039;\u00e9l\u00e9gance et la performance de nos produits.\" \/>\n<meta property=\"og:description\" content=\"Identifiez les tables de cuisson en vitroc\u00e9ramique avec le logo EuroKera\u00a0: un gage de qualit\u00e9 et d&#039;avanc\u00e9e technologique en mati\u00e8re de tables de cuisson \u00e9lectrique, \u00e0 induction et au gaz.\" \/>\n<meta property=\"og:url\" content=\"https:\/\/eurokera.com\/fr\/cuisson\/utilisateurs\/\" \/>\n<meta property=\"og:site_name\" content=\"EuroKera\" \/>\n<meta property=\"article:publisher\" content=\"https:\/\/www.facebook.com\/eurokera\/\" \/>\n<meta property=\"article:modified_time\" content=\"2025-07-28T17:18:12+00:00\" \/>\n<meta property=\"og:image\" content=\"https:\/\/eurokera.com\/wp-content\/uploads\/2018\/02\/Header_Cooktop_Users_Overlay_30.jpg\" \/>\n\t<meta property=\"og:image:width\" content=\"1600\" \/>\n\t<meta property=\"og:image:height\" content=\"800\" \/>\n\t<meta property=\"og:image:type\" content=\"image\/jpeg\" \/>\n<meta name=\"twitter:card\" content=\"summary_large_image\" \/>\n<script type=\"application\/ld+json\" class=\"yoast-schema-graph\">{\"@context\":\"https:\/\/schema.org\",\"@graph\":[{\"@type\":\"WebPage\",\"@id\":\"https:\/\/eurokera.com\/fr\/cuisson\/utilisateurs\/\",\"url\":\"https:\/\/eurokera.com\/fr\/cuisson\/utilisateurs\/\",\"name\":\"Les utilisateurs de tables de cuisson en vitroc\u00e9ramique optent pour le raffinement, l'\u00e9l\u00e9gance et la performance de nos produits.\",\"isPartOf\":{\"@id\":\"https:\/\/eurokera.com\/fr\/#website\"},\"primaryImageOfPage\":{\"@id\":\"https:\/\/eurokera.com\/fr\/cuisson\/utilisateurs\/#primaryimage\"},\"image\":{\"@id\":\"https:\/\/eurokera.com\/fr\/cuisson\/utilisateurs\/#primaryimage\"},\"thumbnailUrl\":\"https:\/\/eurokera.com\/wp-content\/uploads\/2018\/02\/Header_Cooktop_Users_Overlay_30.jpg\",\"datePublished\":\"2018-08-24T17:33:57+00:00\",\"dateModified\":\"2025-07-28T17:18:12+00:00\",\"description\":\"Identifiez les tables de cuisson en vitroc\u00e9ramique avec le logo EuroKera\u00a0: un gage de qualit\u00e9 et d'avanc\u00e9e technologique en mati\u00e8re de tables de cuisson \u00e9lectrique, \u00e0 induction et au gaz.\",\"breadcrumb\":{\"@id\":\"https:\/\/eurokera.com\/fr\/cuisson\/utilisateurs\/#breadcrumb\"},\"inLanguage\":\"fr-FR\",\"potentialAction\":[{\"@type\":\"ReadAction\",\"target\":[\"https:\/\/eurokera.com\/fr\/cuisson\/utilisateurs\/\"]}]},{\"@type\":\"ImageObject\",\"inLanguage\":\"fr-FR\",\"@id\":\"https:\/\/eurokera.com\/fr\/cuisson\/utilisateurs\/#primaryimage\",\"url\":\"https:\/\/eurokera.com\/wp-content\/uploads\/2018\/02\/Header_Cooktop_Users_Overlay_30.jpg\",\"contentUrl\":\"https:\/\/eurokera.com\/wp-content\/uploads\/2018\/02\/Header_Cooktop_Users_Overlay_30.jpg\",\"width\":1600,\"height\":800},{\"@type\":\"BreadcrumbList\",\"@id\":\"https:\/\/eurokera.com\/fr\/cuisson\/utilisateurs\/#breadcrumb\",\"itemListElement\":[{\"@type\":\"ListItem\",\"position\":1,\"name\":\"Home\",\"item\":\"https:\/\/eurokera.com\/fr\/\"},{\"@type\":\"ListItem\",\"position\":2,\"name\":\"Cuisson\",\"item\":\"https:\/\/eurokera.com\/fr\/cuisson\/\"},{\"@type\":\"ListItem\",\"position\":3,\"name\":\"Utilisateurs\"}]},{\"@type\":\"WebSite\",\"@id\":\"https:\/\/eurokera.com\/fr\/#website\",\"url\":\"https:\/\/eurokera.com\/fr\/\",\"name\":\"EuroKera\",\"description\":\"EuroKera Innovators of Glass-Ceramic Solutions\",\"potentialAction\":[{\"@type\":\"SearchAction\",\"target\":{\"@type\":\"EntryPoint\",\"urlTemplate\":\"https:\/\/eurokera.com\/fr\/?s={search_term_string}\"},\"query-input\":{\"@type\":\"PropertyValueSpecification\",\"valueRequired\":true,\"valueName\":\"search_term_string\"}}],\"inLanguage\":\"fr-FR\"}]}<\/script>\n<!-- \/ Yoast SEO plugin. -->","yoast_head_json":{"title":"Les utilisateurs de tables de cuisson en vitroc\u00e9ramique optent pour le raffinement, l'\u00e9l\u00e9gance et la performance de nos produits.","description":"Identifiez les tables de cuisson en vitroc\u00e9ramique avec le logo EuroKera\u00a0: un gage de qualit\u00e9 et d'avanc\u00e9e technologique en mati\u00e8re de tables de cuisson \u00e9lectrique, \u00e0 induction et au gaz.","robots":{"index":"index","follow":"follow","max-snippet":"max-snippet:-1","max-image-preview":"max-image-preview:large","max-video-preview":"max-video-preview:-1"},"canonical":"https:\/\/eurokera.com\/fr\/cuisson\/utilisateurs\/","og_locale":"fr_FR","og_type":"article","og_title":"Les utilisateurs de tables de cuisson en vitroc\u00e9ramique optent pour le raffinement, l'\u00e9l\u00e9gance et la performance de nos produits.","og_description":"Identifiez les tables de cuisson en vitroc\u00e9ramique avec le logo EuroKera\u00a0: un gage de qualit\u00e9 et d'avanc\u00e9e technologique en mati\u00e8re de tables de cuisson \u00e9lectrique, \u00e0 induction et au gaz.","og_url":"https:\/\/eurokera.com\/fr\/cuisson\/utilisateurs\/","og_site_name":"EuroKera","article_publisher":"https:\/\/www.facebook.com\/eurokera\/","article_modified_time":"2025-07-28T17:18:12+00:00","og_image":[{"width":1600,"height":800,"url":"https:\/\/eurokera.com\/wp-content\/uploads\/2018\/02\/Header_Cooktop_Users_Overlay_30.jpg","type":"image\/jpeg"}],"twitter_card":"summary_large_image","schema":{"@context":"https:\/\/schema.org","@graph":[{"@type":"WebPage","@id":"https:\/\/eurokera.com\/fr\/cuisson\/utilisateurs\/","url":"https:\/\/eurokera.com\/fr\/cuisson\/utilisateurs\/","name":"Les utilisateurs de tables de cuisson en vitroc\u00e9ramique optent pour le raffinement, l'\u00e9l\u00e9gance et la performance de nos produits.","isPartOf":{"@id":"https:\/\/eurokera.com\/fr\/#website"},"primaryImageOfPage":{"@id":"https:\/\/eurokera.com\/fr\/cuisson\/utilisateurs\/#primaryimage"},"image":{"@id":"https:\/\/eurokera.com\/fr\/cuisson\/utilisateurs\/#primaryimage"},"thumbnailUrl":"https:\/\/eurokera.com\/wp-content\/uploads\/2018\/02\/Header_Cooktop_Users_Overlay_30.jpg","datePublished":"2018-08-24T17:33:57+00:00","dateModified":"2025-07-28T17:18:12+00:00","description":"Identifiez les tables de cuisson en vitroc\u00e9ramique avec le logo EuroKera\u00a0: un gage de qualit\u00e9 et d'avanc\u00e9e technologique en mati\u00e8re de tables de cuisson \u00e9lectrique, \u00e0 induction et au gaz.","breadcrumb":{"@id":"https:\/\/eurokera.com\/fr\/cuisson\/utilisateurs\/#breadcrumb"},"inLanguage":"fr-FR","potentialAction":[{"@type":"ReadAction","target":["https:\/\/eurokera.com\/fr\/cuisson\/utilisateurs\/"]}]},{"@type":"ImageObject","inLanguage":"fr-FR","@id":"https:\/\/eurokera.com\/fr\/cuisson\/utilisateurs\/#primaryimage","url":"https:\/\/eurokera.com\/wp-content\/uploads\/2018\/02\/Header_Cooktop_Users_Overlay_30.jpg","contentUrl":"https:\/\/eurokera.com\/wp-content\/uploads\/2018\/02\/Header_Cooktop_Users_Overlay_30.jpg","width":1600,"height":800},{"@type":"BreadcrumbList","@id":"https:\/\/eurokera.com\/fr\/cuisson\/utilisateurs\/#breadcrumb","itemListElement":[{"@type":"ListItem","position":1,"name":"Home","item":"https:\/\/eurokera.com\/fr\/"},{"@type":"ListItem","position":2,"name":"Cuisson","item":"https:\/\/eurokera.com\/fr\/cuisson\/"},{"@type":"ListItem","position":3,"name":"Utilisateurs"}]},{"@type":"WebSite","@id":"https:\/\/eurokera.com\/fr\/#website","url":"https:\/\/eurokera.com\/fr\/","name":"EuroKera","description":"EuroKera Innovators of Glass-Ceramic Solutions","potentialAction":[{"@type":"SearchAction","target":{"@type":"EntryPoint","urlTemplate":"https:\/\/eurokera.com\/fr\/?s={search_term_string}"},"query-input":{"@type":"PropertyValueSpecification","valueRequired":true,"valueName":"search_term_string"}}],"inLanguage":"fr-FR"}]}},"_links":{"self":[{"href":"https:\/\/eurokera.com\/fr\/wp-json\/wp\/v2\/pages\/4955","targetHints":{"allow":["GET"]}}],"collection":[{"href":"https:\/\/eurokera.com\/fr\/wp-json\/wp\/v2\/pages"}],"about":[{"href":"https:\/\/eurokera.com\/fr\/wp-json\/wp\/v2\/types\/page"}],"author":[{"embeddable":true,"href":"https:\/\/eurokera.com\/fr\/wp-json\/wp\/v2\/users\/3"}],"replies":[{"embeddable":true,"href":"https:\/\/eurokera.com\/fr\/wp-json\/wp\/v2\/comments?post=4955"}],"version-history":[{"count":0,"href":"https:\/\/eurokera.com\/fr\/wp-json\/wp\/v2\/pages\/4955\/revisions"}],"up":[{"embeddable":true,"href":"https:\/\/eurokera.com\/fr\/wp-json\/wp\/v2\/pages\/4880"}],"wp:featuredmedia":[{"embeddable":true,"href":"https:\/\/eurokera.com\/fr\/wp-json\/wp\/v2\/media\/3535"}],"wp:attachment":[{"href":"https:\/\/eurokera.com\/fr\/wp-json\/wp\/v2\/media?parent=4955"}],"curies":[{"name":"wp","href":"https:\/\/api.w.org\/{rel}","templated":true}]}}