{"id":4927,"date":"2018-08-24T13:33:56","date_gmt":"2018-08-24T17:33:56","guid":{"rendered":"https:\/\/eurokera.com\/?page_id=4927"},"modified":"2025-04-24T10:23:50","modified_gmt":"2025-04-24T14:23:50","slug":"tests-de-qualite-et-certifications","status":"publish","type":"page","link":"https:\/\/eurokera.com\/fr\/cuisson\/fabricants\/tests-de-qualite-et-certifications\/","title":{"rendered":"Tests de qualit\u00e9 et certifications"},"content":{"rendered":"","protected":false},"excerpt":{"rendered":"","protected":false},"author":3,"featured_media":3405,"parent":4956,"menu_order":0,"comment_status":"closed","ping_status":"closed","template":"","meta":{"_acf_changed":false,"footnotes":""},"class_list":["post-4927","page","type-page","status-publish","has-post-thumbnail","hentry"],"acf":[],"yoast_head":"<!-- This site is optimized with the Yoast SEO plugin v26.9 - https:\/\/yoast.com\/product\/yoast-seo-wordpress\/ -->\n<title>Certifications et tests de qualit\u00e9 pour la vitroc\u00e9ramique EuroKera.<\/title>\n<meta name=\"description\" content=\"Les panneaux EuroKera pour tables de cuisson doivent subir de rigoureux tests de qualit\u00e9. De plus, nous sommes dot\u00e9s de certifications industrielles dans plusieurs pays.\" \/>\n<meta name=\"robots\" content=\"index, follow, max-snippet:-1, max-image-preview:large, max-video-preview:-1\" \/>\n<link rel=\"canonical\" href=\"https:\/\/eurokera.com\/fr\/cuisson\/fabricants\/tests-de-qualite-et-certifications\/\" \/>\n<meta property=\"og:locale\" content=\"fr_FR\" \/>\n<meta property=\"og:type\" content=\"article\" \/>\n<meta property=\"og:title\" content=\"Certifications et tests de qualit\u00e9 pour la vitroc\u00e9ramique EuroKera.\" \/>\n<meta property=\"og:description\" content=\"Les panneaux EuroKera pour tables de cuisson doivent subir de rigoureux tests de qualit\u00e9. De plus, nous sommes dot\u00e9s de certifications industrielles dans plusieurs pays.\" \/>\n<meta property=\"og:url\" content=\"https:\/\/eurokera.com\/fr\/cuisson\/fabricants\/tests-de-qualite-et-certifications\/\" \/>\n<meta property=\"og:site_name\" content=\"EuroKera\" \/>\n<meta property=\"article:publisher\" content=\"https:\/\/www.facebook.com\/eurokera\/\" \/>\n<meta property=\"article:modified_time\" content=\"2025-04-24T14:23:50+00:00\" \/>\n<meta property=\"og:image\" content=\"https:\/\/eurokera.com\/wp-content\/uploads\/2017\/12\/Header_Quality_Overlay_30.jpg\" \/>\n\t<meta property=\"og:image:width\" content=\"4928\" \/>\n\t<meta property=\"og:image:height\" content=\"3280\" \/>\n\t<meta property=\"og:image:type\" content=\"image\/jpeg\" \/>\n<meta name=\"twitter:card\" content=\"summary_large_image\" \/>\n<script type=\"application\/ld+json\" class=\"yoast-schema-graph\">{\"@context\":\"https:\/\/schema.org\",\"@graph\":[{\"@type\":\"WebPage\",\"@id\":\"https:\/\/eurokera.com\/fr\/cuisson\/fabricants\/tests-de-qualite-et-certifications\/\",\"url\":\"https:\/\/eurokera.com\/fr\/cuisson\/fabricants\/tests-de-qualite-et-certifications\/\",\"name\":\"Certifications et tests de qualit\u00e9 pour la vitroc\u00e9ramique EuroKera.\",\"isPartOf\":{\"@id\":\"https:\/\/eurokera.com\/fr\/#website\"},\"primaryImageOfPage\":{\"@id\":\"https:\/\/eurokera.com\/fr\/cuisson\/fabricants\/tests-de-qualite-et-certifications\/#primaryimage\"},\"image\":{\"@id\":\"https:\/\/eurokera.com\/fr\/cuisson\/fabricants\/tests-de-qualite-et-certifications\/#primaryimage\"},\"thumbnailUrl\":\"https:\/\/eurokera.com\/wp-content\/uploads\/2017\/12\/Header_Quality_Overlay_30.jpg\",\"datePublished\":\"2018-08-24T17:33:56+00:00\",\"dateModified\":\"2025-04-24T14:23:50+00:00\",\"description\":\"Les panneaux EuroKera pour tables de cuisson doivent subir de rigoureux tests de qualit\u00e9. De plus, nous sommes dot\u00e9s de certifications industrielles dans plusieurs pays.\",\"breadcrumb\":{\"@id\":\"https:\/\/eurokera.com\/fr\/cuisson\/fabricants\/tests-de-qualite-et-certifications\/#breadcrumb\"},\"inLanguage\":\"fr-FR\",\"potentialAction\":[{\"@type\":\"ReadAction\",\"target\":[\"https:\/\/eurokera.com\/fr\/cuisson\/fabricants\/tests-de-qualite-et-certifications\/\"]}]},{\"@type\":\"ImageObject\",\"inLanguage\":\"fr-FR\",\"@id\":\"https:\/\/eurokera.com\/fr\/cuisson\/fabricants\/tests-de-qualite-et-certifications\/#primaryimage\",\"url\":\"https:\/\/eurokera.com\/wp-content\/uploads\/2017\/12\/Header_Quality_Overlay_30.jpg\",\"contentUrl\":\"https:\/\/eurokera.com\/wp-content\/uploads\/2017\/12\/Header_Quality_Overlay_30.jpg\",\"width\":4928,\"height\":3280,\"caption\":\"Nous testons de fa\u00e7on constante la qualit\u00e9 de notre vitroc\u00e9ramique\"},{\"@type\":\"BreadcrumbList\",\"@id\":\"https:\/\/eurokera.com\/fr\/cuisson\/fabricants\/tests-de-qualite-et-certifications\/#breadcrumb\",\"itemListElement\":[{\"@type\":\"ListItem\",\"position\":1,\"name\":\"Home\",\"item\":\"https:\/\/eurokera.com\/fr\/\"},{\"@type\":\"ListItem\",\"position\":2,\"name\":\"Cuisson\",\"item\":\"https:\/\/eurokera.com\/fr\/cuisson\/\"},{\"@type\":\"ListItem\",\"position\":3,\"name\":\"Fabricants\",\"item\":\"https:\/\/eurokera.com\/fr\/cuisson\/fabricants\/\"},{\"@type\":\"ListItem\",\"position\":4,\"name\":\"Tests de qualit\u00e9 et certifications\"}]},{\"@type\":\"WebSite\",\"@id\":\"https:\/\/eurokera.com\/fr\/#website\",\"url\":\"https:\/\/eurokera.com\/fr\/\",\"name\":\"EuroKera\",\"description\":\"EuroKera Innovators of Glass-Ceramic Solutions\",\"potentialAction\":[{\"@type\":\"SearchAction\",\"target\":{\"@type\":\"EntryPoint\",\"urlTemplate\":\"https:\/\/eurokera.com\/fr\/?s={search_term_string}\"},\"query-input\":{\"@type\":\"PropertyValueSpecification\",\"valueRequired\":true,\"valueName\":\"search_term_string\"}}],\"inLanguage\":\"fr-FR\"}]}<\/script>\n<!-- \/ Yoast SEO plugin. -->","yoast_head_json":{"title":"Certifications et tests de qualit\u00e9 pour la vitroc\u00e9ramique EuroKera.","description":"Les panneaux EuroKera pour tables de cuisson doivent subir de rigoureux tests de qualit\u00e9. De plus, nous sommes dot\u00e9s de certifications industrielles dans plusieurs pays.","robots":{"index":"index","follow":"follow","max-snippet":"max-snippet:-1","max-image-preview":"max-image-preview:large","max-video-preview":"max-video-preview:-1"},"canonical":"https:\/\/eurokera.com\/fr\/cuisson\/fabricants\/tests-de-qualite-et-certifications\/","og_locale":"fr_FR","og_type":"article","og_title":"Certifications et tests de qualit\u00e9 pour la vitroc\u00e9ramique EuroKera.","og_description":"Les panneaux EuroKera pour tables de cuisson doivent subir de rigoureux tests de qualit\u00e9. De plus, nous sommes dot\u00e9s de certifications industrielles dans plusieurs pays.","og_url":"https:\/\/eurokera.com\/fr\/cuisson\/fabricants\/tests-de-qualite-et-certifications\/","og_site_name":"EuroKera","article_publisher":"https:\/\/www.facebook.com\/eurokera\/","article_modified_time":"2025-04-24T14:23:50+00:00","og_image":[{"width":4928,"height":3280,"url":"https:\/\/eurokera.com\/wp-content\/uploads\/2017\/12\/Header_Quality_Overlay_30.jpg","type":"image\/jpeg"}],"twitter_card":"summary_large_image","schema":{"@context":"https:\/\/schema.org","@graph":[{"@type":"WebPage","@id":"https:\/\/eurokera.com\/fr\/cuisson\/fabricants\/tests-de-qualite-et-certifications\/","url":"https:\/\/eurokera.com\/fr\/cuisson\/fabricants\/tests-de-qualite-et-certifications\/","name":"Certifications et tests de qualit\u00e9 pour la vitroc\u00e9ramique EuroKera.","isPartOf":{"@id":"https:\/\/eurokera.com\/fr\/#website"},"primaryImageOfPage":{"@id":"https:\/\/eurokera.com\/fr\/cuisson\/fabricants\/tests-de-qualite-et-certifications\/#primaryimage"},"image":{"@id":"https:\/\/eurokera.com\/fr\/cuisson\/fabricants\/tests-de-qualite-et-certifications\/#primaryimage"},"thumbnailUrl":"https:\/\/eurokera.com\/wp-content\/uploads\/2017\/12\/Header_Quality_Overlay_30.jpg","datePublished":"2018-08-24T17:33:56+00:00","dateModified":"2025-04-24T14:23:50+00:00","description":"Les panneaux EuroKera pour tables de cuisson doivent subir de rigoureux tests de qualit\u00e9. De plus, nous sommes dot\u00e9s de certifications industrielles dans plusieurs pays.","breadcrumb":{"@id":"https:\/\/eurokera.com\/fr\/cuisson\/fabricants\/tests-de-qualite-et-certifications\/#breadcrumb"},"inLanguage":"fr-FR","potentialAction":[{"@type":"ReadAction","target":["https:\/\/eurokera.com\/fr\/cuisson\/fabricants\/tests-de-qualite-et-certifications\/"]}]},{"@type":"ImageObject","inLanguage":"fr-FR","@id":"https:\/\/eurokera.com\/fr\/cuisson\/fabricants\/tests-de-qualite-et-certifications\/#primaryimage","url":"https:\/\/eurokera.com\/wp-content\/uploads\/2017\/12\/Header_Quality_Overlay_30.jpg","contentUrl":"https:\/\/eurokera.com\/wp-content\/uploads\/2017\/12\/Header_Quality_Overlay_30.jpg","width":4928,"height":3280,"caption":"Nous testons de fa\u00e7on constante la qualit\u00e9 de notre vitroc\u00e9ramique"},{"@type":"BreadcrumbList","@id":"https:\/\/eurokera.com\/fr\/cuisson\/fabricants\/tests-de-qualite-et-certifications\/#breadcrumb","itemListElement":[{"@type":"ListItem","position":1,"name":"Home","item":"https:\/\/eurokera.com\/fr\/"},{"@type":"ListItem","position":2,"name":"Cuisson","item":"https:\/\/eurokera.com\/fr\/cuisson\/"},{"@type":"ListItem","position":3,"name":"Fabricants","item":"https:\/\/eurokera.com\/fr\/cuisson\/fabricants\/"},{"@type":"ListItem","position":4,"name":"Tests de qualit\u00e9 et certifications"}]},{"@type":"WebSite","@id":"https:\/\/eurokera.com\/fr\/#website","url":"https:\/\/eurokera.com\/fr\/","name":"EuroKera","description":"EuroKera Innovators of Glass-Ceramic Solutions","potentialAction":[{"@type":"SearchAction","target":{"@type":"EntryPoint","urlTemplate":"https:\/\/eurokera.com\/fr\/?s={search_term_string}"},"query-input":{"@type":"PropertyValueSpecification","valueRequired":true,"valueName":"search_term_string"}}],"inLanguage":"fr-FR"}]}},"_links":{"self":[{"href":"https:\/\/eurokera.com\/fr\/wp-json\/wp\/v2\/pages\/4927","targetHints":{"allow":["GET"]}}],"collection":[{"href":"https:\/\/eurokera.com\/fr\/wp-json\/wp\/v2\/pages"}],"about":[{"href":"https:\/\/eurokera.com\/fr\/wp-json\/wp\/v2\/types\/page"}],"author":[{"embeddable":true,"href":"https:\/\/eurokera.com\/fr\/wp-json\/wp\/v2\/users\/3"}],"replies":[{"embeddable":true,"href":"https:\/\/eurokera.com\/fr\/wp-json\/wp\/v2\/comments?post=4927"}],"version-history":[{"count":0,"href":"https:\/\/eurokera.com\/fr\/wp-json\/wp\/v2\/pages\/4927\/revisions"}],"up":[{"embeddable":true,"href":"https:\/\/eurokera.com\/fr\/wp-json\/wp\/v2\/pages\/4956"}],"wp:featuredmedia":[{"embeddable":true,"href":"https:\/\/eurokera.com\/fr\/wp-json\/wp\/v2\/media\/3405"}],"wp:attachment":[{"href":"https:\/\/eurokera.com\/fr\/wp-json\/wp\/v2\/media?parent=4927"}],"curies":[{"name":"wp","href":"https:\/\/api.w.org\/{rel}","templated":true}]}}