{"id":4886,"date":"2018-08-24T13:33:37","date_gmt":"2018-08-24T17:33:37","guid":{"rendered":"https:\/\/eurokera.com\/?page_id=4886"},"modified":"2023-11-27T10:43:21","modified_gmt":"2023-11-27T15:43:21","slug":"comment-trouver-une-table-de-cuisson-equipee-de-vitroceramique-eurokera","status":"publish","type":"page","link":"https:\/\/eurokera.com\/fr\/cuisson\/utilisateurs\/comment-trouver-une-table-de-cuisson-equipee-de-vitroceramique-eurokera\/","title":{"rendered":"Comment trouver une table de cuisson \u00e9quip\u00e9e de vitroc\u00e9ramique EuroKera\u00a0?"},"content":{"rendered":"","protected":false},"excerpt":{"rendered":"","protected":false},"author":3,"featured_media":3420,"parent":4955,"menu_order":0,"comment_status":"closed","ping_status":"closed","template":"","meta":{"_acf_changed":false,"footnotes":""},"class_list":["post-4886","page","type-page","status-publish","has-post-thumbnail","hentry"],"acf":[],"yoast_head":"<!-- This site is optimized with the Yoast SEO plugin v26.9 - https:\/\/yoast.com\/product\/yoast-seo-wordpress\/ -->\n<title>Comment trouver une table de cuisson \u00e9quip\u00e9e de vitroc\u00e9ramique EuroKera\u00a0? - EuroKera<\/title>\n<meta name=\"description\" content=\"Comment trouver la plaque de cuisson faite pour vous\u00a0? Gr\u00e2ce \u00e0 EuroKera il est facile d\u2019identifier les meilleures plaques de cuisson. Regardez simplement dans les coins de la table de cuisson en vitroc\u00e9ramique.\" \/>\n<meta name=\"robots\" content=\"index, follow, max-snippet:-1, max-image-preview:large, max-video-preview:-1\" \/>\n<link rel=\"canonical\" href=\"https:\/\/eurokera.com\/fr\/cuisson\/utilisateurs\/comment-trouver-une-table-de-cuisson-equipee-de-vitroceramique-eurokera\/\" \/>\n<meta property=\"og:locale\" content=\"fr_FR\" \/>\n<meta property=\"og:type\" content=\"article\" \/>\n<meta property=\"og:title\" content=\"Comment trouver une table de cuisson \u00e9quip\u00e9e de vitroc\u00e9ramique EuroKera\u00a0? - EuroKera\" \/>\n<meta property=\"og:description\" content=\"Comment trouver la plaque de cuisson faite pour vous\u00a0? Gr\u00e2ce \u00e0 EuroKera il est facile d\u2019identifier les meilleures plaques de cuisson. Regardez simplement dans les coins de la table de cuisson en vitroc\u00e9ramique.\" \/>\n<meta property=\"og:url\" content=\"https:\/\/eurokera.com\/fr\/cuisson\/utilisateurs\/comment-trouver-une-table-de-cuisson-equipee-de-vitroceramique-eurokera\/\" \/>\n<meta property=\"og:site_name\" content=\"EuroKera\" \/>\n<meta property=\"article:publisher\" content=\"https:\/\/www.facebook.com\/eurokera\/\" \/>\n<meta property=\"article:modified_time\" content=\"2023-11-27T15:43:21+00:00\" \/>\n<meta property=\"og:image\" content=\"https:\/\/eurokera.com\/wp-content\/uploads\/2017\/12\/iPad_Kitchen_Ek_website_30_overlay-1.jpg\" \/>\n\t<meta property=\"og:image:width\" content=\"4522\" \/>\n\t<meta property=\"og:image:height\" content=\"3007\" \/>\n\t<meta property=\"og:image:type\" content=\"image\/jpeg\" \/>\n<meta name=\"twitter:card\" content=\"summary_large_image\" \/>\n<script type=\"application\/ld+json\" class=\"yoast-schema-graph\">{\"@context\":\"https:\/\/schema.org\",\"@graph\":[{\"@type\":\"WebPage\",\"@id\":\"https:\/\/eurokera.com\/fr\/cuisson\/utilisateurs\/comment-trouver-une-table-de-cuisson-equipee-de-vitroceramique-eurokera\/\",\"url\":\"https:\/\/eurokera.com\/fr\/cuisson\/utilisateurs\/comment-trouver-une-table-de-cuisson-equipee-de-vitroceramique-eurokera\/\",\"name\":\"Comment trouver une table de cuisson \u00e9quip\u00e9e de vitroc\u00e9ramique EuroKera\u00a0? - EuroKera\",\"isPartOf\":{\"@id\":\"https:\/\/eurokera.com\/fr\/#website\"},\"primaryImageOfPage\":{\"@id\":\"https:\/\/eurokera.com\/fr\/cuisson\/utilisateurs\/comment-trouver-une-table-de-cuisson-equipee-de-vitroceramique-eurokera\/#primaryimage\"},\"image\":{\"@id\":\"https:\/\/eurokera.com\/fr\/cuisson\/utilisateurs\/comment-trouver-une-table-de-cuisson-equipee-de-vitroceramique-eurokera\/#primaryimage\"},\"thumbnailUrl\":\"https:\/\/eurokera.com\/wp-content\/uploads\/2017\/12\/iPad_Kitchen_Ek_website_30_overlay-1.jpg\",\"datePublished\":\"2018-08-24T17:33:37+00:00\",\"dateModified\":\"2023-11-27T15:43:21+00:00\",\"description\":\"Comment trouver la plaque de cuisson faite pour vous\u00a0? Gr\u00e2ce \u00e0 EuroKera il est facile d\u2019identifier les meilleures plaques de cuisson. Regardez simplement dans les coins de la table de cuisson en vitroc\u00e9ramique.\",\"breadcrumb\":{\"@id\":\"https:\/\/eurokera.com\/fr\/cuisson\/utilisateurs\/comment-trouver-une-table-de-cuisson-equipee-de-vitroceramique-eurokera\/#breadcrumb\"},\"inLanguage\":\"fr-FR\",\"potentialAction\":[{\"@type\":\"ReadAction\",\"target\":[\"https:\/\/eurokera.com\/fr\/cuisson\/utilisateurs\/comment-trouver-une-table-de-cuisson-equipee-de-vitroceramique-eurokera\/\"]}]},{\"@type\":\"ImageObject\",\"inLanguage\":\"fr-FR\",\"@id\":\"https:\/\/eurokera.com\/fr\/cuisson\/utilisateurs\/comment-trouver-une-table-de-cuisson-equipee-de-vitroceramique-eurokera\/#primaryimage\",\"url\":\"https:\/\/eurokera.com\/wp-content\/uploads\/2017\/12\/iPad_Kitchen_Ek_website_30_overlay-1.jpg\",\"contentUrl\":\"https:\/\/eurokera.com\/wp-content\/uploads\/2017\/12\/iPad_Kitchen_Ek_website_30_overlay-1.jpg\",\"width\":4522,\"height\":3007},{\"@type\":\"BreadcrumbList\",\"@id\":\"https:\/\/eurokera.com\/fr\/cuisson\/utilisateurs\/comment-trouver-une-table-de-cuisson-equipee-de-vitroceramique-eurokera\/#breadcrumb\",\"itemListElement\":[{\"@type\":\"ListItem\",\"position\":1,\"name\":\"Home\",\"item\":\"https:\/\/eurokera.com\/fr\/\"},{\"@type\":\"ListItem\",\"position\":2,\"name\":\"Cuisson\",\"item\":\"https:\/\/eurokera.com\/fr\/cuisson\/\"},{\"@type\":\"ListItem\",\"position\":3,\"name\":\"Utilisateurs\",\"item\":\"https:\/\/eurokera.com\/fr\/cuisson\/utilisateurs\/\"},{\"@type\":\"ListItem\",\"position\":4,\"name\":\"Comment trouver une table de cuisson \u00e9quip\u00e9e de vitroc\u00e9ramique EuroKera\u00a0?\"}]},{\"@type\":\"WebSite\",\"@id\":\"https:\/\/eurokera.com\/fr\/#website\",\"url\":\"https:\/\/eurokera.com\/fr\/\",\"name\":\"EuroKera\",\"description\":\"EuroKera Innovators of Glass-Ceramic Solutions\",\"potentialAction\":[{\"@type\":\"SearchAction\",\"target\":{\"@type\":\"EntryPoint\",\"urlTemplate\":\"https:\/\/eurokera.com\/fr\/?s={search_term_string}\"},\"query-input\":{\"@type\":\"PropertyValueSpecification\",\"valueRequired\":true,\"valueName\":\"search_term_string\"}}],\"inLanguage\":\"fr-FR\"}]}<\/script>\n<!-- \/ Yoast SEO plugin. -->","yoast_head_json":{"title":"Comment trouver une table de cuisson \u00e9quip\u00e9e de vitroc\u00e9ramique EuroKera\u00a0? - EuroKera","description":"Comment trouver la plaque de cuisson faite pour vous\u00a0? Gr\u00e2ce \u00e0 EuroKera il est facile d\u2019identifier les meilleures plaques de cuisson. Regardez simplement dans les coins de la table de cuisson en vitroc\u00e9ramique.","robots":{"index":"index","follow":"follow","max-snippet":"max-snippet:-1","max-image-preview":"max-image-preview:large","max-video-preview":"max-video-preview:-1"},"canonical":"https:\/\/eurokera.com\/fr\/cuisson\/utilisateurs\/comment-trouver-une-table-de-cuisson-equipee-de-vitroceramique-eurokera\/","og_locale":"fr_FR","og_type":"article","og_title":"Comment trouver une table de cuisson \u00e9quip\u00e9e de vitroc\u00e9ramique EuroKera\u00a0? - EuroKera","og_description":"Comment trouver la plaque de cuisson faite pour vous\u00a0? Gr\u00e2ce \u00e0 EuroKera il est facile d\u2019identifier les meilleures plaques de cuisson. Regardez simplement dans les coins de la table de cuisson en vitroc\u00e9ramique.","og_url":"https:\/\/eurokera.com\/fr\/cuisson\/utilisateurs\/comment-trouver-une-table-de-cuisson-equipee-de-vitroceramique-eurokera\/","og_site_name":"EuroKera","article_publisher":"https:\/\/www.facebook.com\/eurokera\/","article_modified_time":"2023-11-27T15:43:21+00:00","og_image":[{"width":4522,"height":3007,"url":"https:\/\/eurokera.com\/wp-content\/uploads\/2017\/12\/iPad_Kitchen_Ek_website_30_overlay-1.jpg","type":"image\/jpeg"}],"twitter_card":"summary_large_image","schema":{"@context":"https:\/\/schema.org","@graph":[{"@type":"WebPage","@id":"https:\/\/eurokera.com\/fr\/cuisson\/utilisateurs\/comment-trouver-une-table-de-cuisson-equipee-de-vitroceramique-eurokera\/","url":"https:\/\/eurokera.com\/fr\/cuisson\/utilisateurs\/comment-trouver-une-table-de-cuisson-equipee-de-vitroceramique-eurokera\/","name":"Comment trouver une table de cuisson \u00e9quip\u00e9e de vitroc\u00e9ramique EuroKera\u00a0? - EuroKera","isPartOf":{"@id":"https:\/\/eurokera.com\/fr\/#website"},"primaryImageOfPage":{"@id":"https:\/\/eurokera.com\/fr\/cuisson\/utilisateurs\/comment-trouver-une-table-de-cuisson-equipee-de-vitroceramique-eurokera\/#primaryimage"},"image":{"@id":"https:\/\/eurokera.com\/fr\/cuisson\/utilisateurs\/comment-trouver-une-table-de-cuisson-equipee-de-vitroceramique-eurokera\/#primaryimage"},"thumbnailUrl":"https:\/\/eurokera.com\/wp-content\/uploads\/2017\/12\/iPad_Kitchen_Ek_website_30_overlay-1.jpg","datePublished":"2018-08-24T17:33:37+00:00","dateModified":"2023-11-27T15:43:21+00:00","description":"Comment trouver la plaque de cuisson faite pour vous\u00a0? Gr\u00e2ce \u00e0 EuroKera il est facile d\u2019identifier les meilleures plaques de cuisson. Regardez simplement dans les coins de la table de cuisson en vitroc\u00e9ramique.","breadcrumb":{"@id":"https:\/\/eurokera.com\/fr\/cuisson\/utilisateurs\/comment-trouver-une-table-de-cuisson-equipee-de-vitroceramique-eurokera\/#breadcrumb"},"inLanguage":"fr-FR","potentialAction":[{"@type":"ReadAction","target":["https:\/\/eurokera.com\/fr\/cuisson\/utilisateurs\/comment-trouver-une-table-de-cuisson-equipee-de-vitroceramique-eurokera\/"]}]},{"@type":"ImageObject","inLanguage":"fr-FR","@id":"https:\/\/eurokera.com\/fr\/cuisson\/utilisateurs\/comment-trouver-une-table-de-cuisson-equipee-de-vitroceramique-eurokera\/#primaryimage","url":"https:\/\/eurokera.com\/wp-content\/uploads\/2017\/12\/iPad_Kitchen_Ek_website_30_overlay-1.jpg","contentUrl":"https:\/\/eurokera.com\/wp-content\/uploads\/2017\/12\/iPad_Kitchen_Ek_website_30_overlay-1.jpg","width":4522,"height":3007},{"@type":"BreadcrumbList","@id":"https:\/\/eurokera.com\/fr\/cuisson\/utilisateurs\/comment-trouver-une-table-de-cuisson-equipee-de-vitroceramique-eurokera\/#breadcrumb","itemListElement":[{"@type":"ListItem","position":1,"name":"Home","item":"https:\/\/eurokera.com\/fr\/"},{"@type":"ListItem","position":2,"name":"Cuisson","item":"https:\/\/eurokera.com\/fr\/cuisson\/"},{"@type":"ListItem","position":3,"name":"Utilisateurs","item":"https:\/\/eurokera.com\/fr\/cuisson\/utilisateurs\/"},{"@type":"ListItem","position":4,"name":"Comment trouver une table de cuisson \u00e9quip\u00e9e de vitroc\u00e9ramique EuroKera\u00a0?"}]},{"@type":"WebSite","@id":"https:\/\/eurokera.com\/fr\/#website","url":"https:\/\/eurokera.com\/fr\/","name":"EuroKera","description":"EuroKera Innovators of Glass-Ceramic Solutions","potentialAction":[{"@type":"SearchAction","target":{"@type":"EntryPoint","urlTemplate":"https:\/\/eurokera.com\/fr\/?s={search_term_string}"},"query-input":{"@type":"PropertyValueSpecification","valueRequired":true,"valueName":"search_term_string"}}],"inLanguage":"fr-FR"}]}},"_links":{"self":[{"href":"https:\/\/eurokera.com\/fr\/wp-json\/wp\/v2\/pages\/4886","targetHints":{"allow":["GET"]}}],"collection":[{"href":"https:\/\/eurokera.com\/fr\/wp-json\/wp\/v2\/pages"}],"about":[{"href":"https:\/\/eurokera.com\/fr\/wp-json\/wp\/v2\/types\/page"}],"author":[{"embeddable":true,"href":"https:\/\/eurokera.com\/fr\/wp-json\/wp\/v2\/users\/3"}],"replies":[{"embeddable":true,"href":"https:\/\/eurokera.com\/fr\/wp-json\/wp\/v2\/comments?post=4886"}],"version-history":[{"count":0,"href":"https:\/\/eurokera.com\/fr\/wp-json\/wp\/v2\/pages\/4886\/revisions"}],"up":[{"embeddable":true,"href":"https:\/\/eurokera.com\/fr\/wp-json\/wp\/v2\/pages\/4955"}],"wp:featuredmedia":[{"embeddable":true,"href":"https:\/\/eurokera.com\/fr\/wp-json\/wp\/v2\/media\/3420"}],"wp:attachment":[{"href":"https:\/\/eurokera.com\/fr\/wp-json\/wp\/v2\/media?parent=4886"}],"curies":[{"name":"wp","href":"https:\/\/api.w.org\/{rel}","templated":true}]}}