{"id":4885,"date":"2018-08-24T13:33:50","date_gmt":"2018-08-24T17:33:50","guid":{"rendered":"https:\/\/eurokera.com\/?page_id=4885"},"modified":"2019-05-13T14:40:24","modified_gmt":"2019-05-13T18:40:24","slug":"methodes-de-cuisson-a-induction-au-gaz-ou-a-foyer-radiant","status":"publish","type":"page","link":"https:\/\/eurokera.com\/fr\/cuisson\/utilisateurs\/methodes-de-cuisson-a-induction-au-gaz-ou-a-foyer-radiant\/","title":{"rendered":"M\u00e9thodes de cuisson\u00a0: \u00e0 induction, au gaz ou \u00e0 foyer radiant."},"content":{"rendered":"","protected":false},"excerpt":{"rendered":"","protected":false},"author":3,"featured_media":3410,"parent":4955,"menu_order":0,"comment_status":"closed","ping_status":"closed","template":"","meta":{"_acf_changed":false,"footnotes":""},"class_list":["post-4885","page","type-page","status-publish","has-post-thumbnail","hentry"],"acf":[],"yoast_head":"<!-- This site is optimized with the Yoast SEO plugin v26.9 - https:\/\/yoast.com\/product\/yoast-seo-wordpress\/ -->\n<title>M\u00e9thodes de cuisson\u00a0: \u00e0 induction, au gaz ou \u00e0 foyer radiant. - EuroKera<\/title>\n<meta name=\"description\" content=\"\u00c0 la recherche d&#039;une table de cuisson \u00e0 induction\u00a0? Au gaz\u00a0? \u00c9lectrique\u00a0? Les plaques de cuisson compos\u00e9es d&#039;une surface EuroKera conviennent \u00e0 tous les types de cuisine.\" \/>\n<meta name=\"robots\" content=\"index, follow, max-snippet:-1, max-image-preview:large, max-video-preview:-1\" \/>\n<link rel=\"canonical\" href=\"https:\/\/eurokera.com\/fr\/cuisson\/utilisateurs\/methodes-de-cuisson-a-induction-au-gaz-ou-a-foyer-radiant\/\" \/>\n<meta property=\"og:locale\" content=\"fr_FR\" \/>\n<meta property=\"og:type\" content=\"article\" \/>\n<meta property=\"og:title\" content=\"M\u00e9thodes de cuisson\u00a0: \u00e0 induction, au gaz ou \u00e0 foyer radiant. - EuroKera\" \/>\n<meta property=\"og:description\" content=\"\u00c0 la recherche d&#039;une table de cuisson \u00e0 induction\u00a0? Au gaz\u00a0? \u00c9lectrique\u00a0? Les plaques de cuisson compos\u00e9es d&#039;une surface EuroKera conviennent \u00e0 tous les types de cuisine.\" \/>\n<meta property=\"og:url\" content=\"https:\/\/eurokera.com\/fr\/cuisson\/utilisateurs\/methodes-de-cuisson-a-induction-au-gaz-ou-a-foyer-radiant\/\" \/>\n<meta property=\"og:site_name\" content=\"EuroKera\" \/>\n<meta property=\"article:publisher\" content=\"https:\/\/www.facebook.com\/eurokera\/\" \/>\n<meta property=\"article:modified_time\" content=\"2019-05-13T18:40:24+00:00\" \/>\n<meta property=\"og:image\" content=\"https:\/\/eurokera.com\/wp-content\/uploads\/2017\/12\/Header_Cooking_Methods_Overlay_30.jpg\" \/>\n\t<meta property=\"og:image:width\" content=\"5028\" \/>\n\t<meta property=\"og:image:height\" content=\"3201\" \/>\n\t<meta property=\"og:image:type\" content=\"image\/jpeg\" \/>\n<meta name=\"twitter:card\" content=\"summary_large_image\" \/>\n<script type=\"application\/ld+json\" class=\"yoast-schema-graph\">{\"@context\":\"https:\/\/schema.org\",\"@graph\":[{\"@type\":\"WebPage\",\"@id\":\"https:\/\/eurokera.com\/fr\/cuisson\/utilisateurs\/methodes-de-cuisson-a-induction-au-gaz-ou-a-foyer-radiant\/\",\"url\":\"https:\/\/eurokera.com\/fr\/cuisson\/utilisateurs\/methodes-de-cuisson-a-induction-au-gaz-ou-a-foyer-radiant\/\",\"name\":\"M\u00e9thodes de cuisson\u00a0: \u00e0 induction, au gaz ou \u00e0 foyer radiant. - EuroKera\",\"isPartOf\":{\"@id\":\"https:\/\/eurokera.com\/fr\/#website\"},\"primaryImageOfPage\":{\"@id\":\"https:\/\/eurokera.com\/fr\/cuisson\/utilisateurs\/methodes-de-cuisson-a-induction-au-gaz-ou-a-foyer-radiant\/#primaryimage\"},\"image\":{\"@id\":\"https:\/\/eurokera.com\/fr\/cuisson\/utilisateurs\/methodes-de-cuisson-a-induction-au-gaz-ou-a-foyer-radiant\/#primaryimage\"},\"thumbnailUrl\":\"https:\/\/eurokera.com\/wp-content\/uploads\/2017\/12\/Header_Cooking_Methods_Overlay_30.jpg\",\"datePublished\":\"2018-08-24T17:33:50+00:00\",\"dateModified\":\"2019-05-13T18:40:24+00:00\",\"description\":\"\u00c0 la recherche d'une table de cuisson \u00e0 induction\u00a0? Au gaz\u00a0? \u00c9lectrique\u00a0? Les plaques de cuisson compos\u00e9es d'une surface EuroKera conviennent \u00e0 tous les types de cuisine.\",\"breadcrumb\":{\"@id\":\"https:\/\/eurokera.com\/fr\/cuisson\/utilisateurs\/methodes-de-cuisson-a-induction-au-gaz-ou-a-foyer-radiant\/#breadcrumb\"},\"inLanguage\":\"fr-FR\",\"potentialAction\":[{\"@type\":\"ReadAction\",\"target\":[\"https:\/\/eurokera.com\/fr\/cuisson\/utilisateurs\/methodes-de-cuisson-a-induction-au-gaz-ou-a-foyer-radiant\/\"]}]},{\"@type\":\"ImageObject\",\"inLanguage\":\"fr-FR\",\"@id\":\"https:\/\/eurokera.com\/fr\/cuisson\/utilisateurs\/methodes-de-cuisson-a-induction-au-gaz-ou-a-foyer-radiant\/#primaryimage\",\"url\":\"https:\/\/eurokera.com\/wp-content\/uploads\/2017\/12\/Header_Cooking_Methods_Overlay_30.jpg\",\"contentUrl\":\"https:\/\/eurokera.com\/wp-content\/uploads\/2017\/12\/Header_Cooking_Methods_Overlay_30.jpg\",\"width\":5028,\"height\":3201,\"caption\":\"Gas, radiant or induction cooktop - cooking methods you can use with confidence with EuroKera.\"},{\"@type\":\"BreadcrumbList\",\"@id\":\"https:\/\/eurokera.com\/fr\/cuisson\/utilisateurs\/methodes-de-cuisson-a-induction-au-gaz-ou-a-foyer-radiant\/#breadcrumb\",\"itemListElement\":[{\"@type\":\"ListItem\",\"position\":1,\"name\":\"Home\",\"item\":\"https:\/\/eurokera.com\/fr\/\"},{\"@type\":\"ListItem\",\"position\":2,\"name\":\"Cuisson\",\"item\":\"https:\/\/eurokera.com\/fr\/cuisson\/\"},{\"@type\":\"ListItem\",\"position\":3,\"name\":\"Utilisateurs\",\"item\":\"https:\/\/eurokera.com\/fr\/cuisson\/utilisateurs\/\"},{\"@type\":\"ListItem\",\"position\":4,\"name\":\"M\u00e9thodes de cuisson\u00a0: \u00e0 induction, au gaz ou \u00e0 foyer radiant.\"}]},{\"@type\":\"WebSite\",\"@id\":\"https:\/\/eurokera.com\/fr\/#website\",\"url\":\"https:\/\/eurokera.com\/fr\/\",\"name\":\"EuroKera\",\"description\":\"EuroKera Innovators of Glass-Ceramic Solutions\",\"potentialAction\":[{\"@type\":\"SearchAction\",\"target\":{\"@type\":\"EntryPoint\",\"urlTemplate\":\"https:\/\/eurokera.com\/fr\/?s={search_term_string}\"},\"query-input\":{\"@type\":\"PropertyValueSpecification\",\"valueRequired\":true,\"valueName\":\"search_term_string\"}}],\"inLanguage\":\"fr-FR\"}]}<\/script>\n<!-- \/ Yoast SEO plugin. -->","yoast_head_json":{"title":"M\u00e9thodes de cuisson\u00a0: \u00e0 induction, au gaz ou \u00e0 foyer radiant. - EuroKera","description":"\u00c0 la recherche d'une table de cuisson \u00e0 induction\u00a0? Au gaz\u00a0? \u00c9lectrique\u00a0? Les plaques de cuisson compos\u00e9es d'une surface EuroKera conviennent \u00e0 tous les types de cuisine.","robots":{"index":"index","follow":"follow","max-snippet":"max-snippet:-1","max-image-preview":"max-image-preview:large","max-video-preview":"max-video-preview:-1"},"canonical":"https:\/\/eurokera.com\/fr\/cuisson\/utilisateurs\/methodes-de-cuisson-a-induction-au-gaz-ou-a-foyer-radiant\/","og_locale":"fr_FR","og_type":"article","og_title":"M\u00e9thodes de cuisson\u00a0: \u00e0 induction, au gaz ou \u00e0 foyer radiant. - EuroKera","og_description":"\u00c0 la recherche d'une table de cuisson \u00e0 induction\u00a0? Au gaz\u00a0? \u00c9lectrique\u00a0? Les plaques de cuisson compos\u00e9es d'une surface EuroKera conviennent \u00e0 tous les types de cuisine.","og_url":"https:\/\/eurokera.com\/fr\/cuisson\/utilisateurs\/methodes-de-cuisson-a-induction-au-gaz-ou-a-foyer-radiant\/","og_site_name":"EuroKera","article_publisher":"https:\/\/www.facebook.com\/eurokera\/","article_modified_time":"2019-05-13T18:40:24+00:00","og_image":[{"width":5028,"height":3201,"url":"https:\/\/eurokera.com\/wp-content\/uploads\/2017\/12\/Header_Cooking_Methods_Overlay_30.jpg","type":"image\/jpeg"}],"twitter_card":"summary_large_image","schema":{"@context":"https:\/\/schema.org","@graph":[{"@type":"WebPage","@id":"https:\/\/eurokera.com\/fr\/cuisson\/utilisateurs\/methodes-de-cuisson-a-induction-au-gaz-ou-a-foyer-radiant\/","url":"https:\/\/eurokera.com\/fr\/cuisson\/utilisateurs\/methodes-de-cuisson-a-induction-au-gaz-ou-a-foyer-radiant\/","name":"M\u00e9thodes de cuisson\u00a0: \u00e0 induction, au gaz ou \u00e0 foyer radiant. - EuroKera","isPartOf":{"@id":"https:\/\/eurokera.com\/fr\/#website"},"primaryImageOfPage":{"@id":"https:\/\/eurokera.com\/fr\/cuisson\/utilisateurs\/methodes-de-cuisson-a-induction-au-gaz-ou-a-foyer-radiant\/#primaryimage"},"image":{"@id":"https:\/\/eurokera.com\/fr\/cuisson\/utilisateurs\/methodes-de-cuisson-a-induction-au-gaz-ou-a-foyer-radiant\/#primaryimage"},"thumbnailUrl":"https:\/\/eurokera.com\/wp-content\/uploads\/2017\/12\/Header_Cooking_Methods_Overlay_30.jpg","datePublished":"2018-08-24T17:33:50+00:00","dateModified":"2019-05-13T18:40:24+00:00","description":"\u00c0 la recherche d'une table de cuisson \u00e0 induction\u00a0? Au gaz\u00a0? \u00c9lectrique\u00a0? Les plaques de cuisson compos\u00e9es d'une surface EuroKera conviennent \u00e0 tous les types de cuisine.","breadcrumb":{"@id":"https:\/\/eurokera.com\/fr\/cuisson\/utilisateurs\/methodes-de-cuisson-a-induction-au-gaz-ou-a-foyer-radiant\/#breadcrumb"},"inLanguage":"fr-FR","potentialAction":[{"@type":"ReadAction","target":["https:\/\/eurokera.com\/fr\/cuisson\/utilisateurs\/methodes-de-cuisson-a-induction-au-gaz-ou-a-foyer-radiant\/"]}]},{"@type":"ImageObject","inLanguage":"fr-FR","@id":"https:\/\/eurokera.com\/fr\/cuisson\/utilisateurs\/methodes-de-cuisson-a-induction-au-gaz-ou-a-foyer-radiant\/#primaryimage","url":"https:\/\/eurokera.com\/wp-content\/uploads\/2017\/12\/Header_Cooking_Methods_Overlay_30.jpg","contentUrl":"https:\/\/eurokera.com\/wp-content\/uploads\/2017\/12\/Header_Cooking_Methods_Overlay_30.jpg","width":5028,"height":3201,"caption":"Gas, radiant or induction cooktop - cooking methods you can use with confidence with EuroKera."},{"@type":"BreadcrumbList","@id":"https:\/\/eurokera.com\/fr\/cuisson\/utilisateurs\/methodes-de-cuisson-a-induction-au-gaz-ou-a-foyer-radiant\/#breadcrumb","itemListElement":[{"@type":"ListItem","position":1,"name":"Home","item":"https:\/\/eurokera.com\/fr\/"},{"@type":"ListItem","position":2,"name":"Cuisson","item":"https:\/\/eurokera.com\/fr\/cuisson\/"},{"@type":"ListItem","position":3,"name":"Utilisateurs","item":"https:\/\/eurokera.com\/fr\/cuisson\/utilisateurs\/"},{"@type":"ListItem","position":4,"name":"M\u00e9thodes de cuisson\u00a0: \u00e0 induction, au gaz ou \u00e0 foyer radiant."}]},{"@type":"WebSite","@id":"https:\/\/eurokera.com\/fr\/#website","url":"https:\/\/eurokera.com\/fr\/","name":"EuroKera","description":"EuroKera Innovators of Glass-Ceramic Solutions","potentialAction":[{"@type":"SearchAction","target":{"@type":"EntryPoint","urlTemplate":"https:\/\/eurokera.com\/fr\/?s={search_term_string}"},"query-input":{"@type":"PropertyValueSpecification","valueRequired":true,"valueName":"search_term_string"}}],"inLanguage":"fr-FR"}]}},"_links":{"self":[{"href":"https:\/\/eurokera.com\/fr\/wp-json\/wp\/v2\/pages\/4885","targetHints":{"allow":["GET"]}}],"collection":[{"href":"https:\/\/eurokera.com\/fr\/wp-json\/wp\/v2\/pages"}],"about":[{"href":"https:\/\/eurokera.com\/fr\/wp-json\/wp\/v2\/types\/page"}],"author":[{"embeddable":true,"href":"https:\/\/eurokera.com\/fr\/wp-json\/wp\/v2\/users\/3"}],"replies":[{"embeddable":true,"href":"https:\/\/eurokera.com\/fr\/wp-json\/wp\/v2\/comments?post=4885"}],"version-history":[{"count":0,"href":"https:\/\/eurokera.com\/fr\/wp-json\/wp\/v2\/pages\/4885\/revisions"}],"up":[{"embeddable":true,"href":"https:\/\/eurokera.com\/fr\/wp-json\/wp\/v2\/pages\/4955"}],"wp:featuredmedia":[{"embeddable":true,"href":"https:\/\/eurokera.com\/fr\/wp-json\/wp\/v2\/media\/3410"}],"wp:attachment":[{"href":"https:\/\/eurokera.com\/fr\/wp-json\/wp\/v2\/media?parent=4885"}],"curies":[{"name":"wp","href":"https:\/\/api.w.org\/{rel}","templated":true}]}}