{"id":4880,"date":"2018-08-24T13:33:28","date_gmt":"2018-08-24T17:33:28","guid":{"rendered":"https:\/\/eurokera.com\/?page_id=4880"},"modified":"2020-11-11T11:04:41","modified_gmt":"2020-11-11T16:04:41","slug":"cuisson","status":"publish","type":"page","link":"https:\/\/eurokera.com\/fr\/cuisson\/","title":{"rendered":"Cuisson"},"content":{"rendered":"","protected":false},"excerpt":{"rendered":"","protected":false},"author":3,"featured_media":3525,"parent":0,"menu_order":0,"comment_status":"closed","ping_status":"closed","template":"page-templates\/cooking.php","meta":{"_acf_changed":false,"footnotes":""},"class_list":["post-4880","page","type-page","status-publish","has-post-thumbnail","hentry"],"acf":[],"yoast_head":"<!-- This site is optimized with the Yoast SEO plugin v26.9 - https:\/\/yoast.com\/product\/yoast-seo-wordpress\/ -->\n<title>La vitroc\u00e9ramique EuroKera pour tables de cuisson \u00e0 la fran\u00e7aise.<\/title>\n<meta name=\"description\" content=\"La vitroc\u00e9ramique EuroKera est le choix num\u00e9ro un des fabricants de tables de cuisson. Profitez de la performance sup\u00e9rieure et du style fran\u00e7ais qu&#039;offre une surface de cuisson en vitroc\u00e9ramique.\" \/>\n<meta name=\"robots\" content=\"index, follow, max-snippet:-1, max-image-preview:large, max-video-preview:-1\" \/>\n<link rel=\"canonical\" href=\"https:\/\/eurokera.com\/fr\/cuisson\/\" \/>\n<meta property=\"og:locale\" content=\"fr_FR\" \/>\n<meta property=\"og:type\" content=\"article\" \/>\n<meta property=\"og:title\" content=\"La vitroc\u00e9ramique EuroKera pour tables de cuisson \u00e0 la fran\u00e7aise.\" \/>\n<meta property=\"og:description\" content=\"La vitroc\u00e9ramique EuroKera est le choix num\u00e9ro un des fabricants de tables de cuisson. Profitez de la performance sup\u00e9rieure et du style fran\u00e7ais qu&#039;offre une surface de cuisson en vitroc\u00e9ramique.\" \/>\n<meta property=\"og:url\" content=\"https:\/\/eurokera.com\/fr\/cuisson\/\" \/>\n<meta property=\"og:site_name\" content=\"EuroKera\" \/>\n<meta property=\"article:publisher\" content=\"https:\/\/www.facebook.com\/eurokera\/\" \/>\n<meta property=\"article:modified_time\" content=\"2020-11-11T16:04:41+00:00\" \/>\n<meta property=\"og:image\" content=\"https:\/\/eurokera.com\/wp-content\/uploads\/2018\/02\/Home_Header_Overlay_30.jpg\" \/>\n\t<meta property=\"og:image:width\" content=\"1600\" \/>\n\t<meta property=\"og:image:height\" content=\"900\" \/>\n\t<meta property=\"og:image:type\" content=\"image\/jpeg\" \/>\n<meta name=\"twitter:card\" content=\"summary_large_image\" \/>\n<meta name=\"twitter:title\" content=\"EuroKera\" \/>\n<meta name=\"twitter:description\" content=\"Nos surfaces de cuisson en vitroc\u00e9ramique emb\u00e9lissent l&#039;atmosph\u00e8re en diffusant cette \u00e9l\u00e9gance \u00e0 la fran\u00e7aise. Nous vous invitons \u00e0 profiter de la beaut\u00e9 intemporelle et de la performance in\u00e9gal\u00e9e d&#039;une table de cuisson en vitroc\u00e9ramique EuroKera, le choix haut de gamme pour les cuisines modernes.\" \/>\n<meta name=\"twitter:image\" content=\"https:\/\/eurokera.com\/wp-content\/uploads\/2018\/02\/Home_Header_Overlay_30.jpg\" \/>\n<script type=\"application\/ld+json\" class=\"yoast-schema-graph\">{\"@context\":\"https:\/\/schema.org\",\"@graph\":[{\"@type\":\"WebPage\",\"@id\":\"https:\/\/eurokera.com\/fr\/cuisson\/\",\"url\":\"https:\/\/eurokera.com\/fr\/cuisson\/\",\"name\":\"La vitroc\u00e9ramique EuroKera pour tables de cuisson \u00e0 la fran\u00e7aise.\",\"isPartOf\":{\"@id\":\"https:\/\/eurokera.com\/fr\/#website\"},\"primaryImageOfPage\":{\"@id\":\"https:\/\/eurokera.com\/fr\/cuisson\/#primaryimage\"},\"image\":{\"@id\":\"https:\/\/eurokera.com\/fr\/cuisson\/#primaryimage\"},\"thumbnailUrl\":\"https:\/\/eurokera.com\/wp-content\/uploads\/2018\/02\/Home_Header_Overlay_30.jpg\",\"datePublished\":\"2018-08-24T17:33:28+00:00\",\"dateModified\":\"2020-11-11T16:04:41+00:00\",\"description\":\"La vitroc\u00e9ramique EuroKera est le choix num\u00e9ro un des fabricants de tables de cuisson. Profitez de la performance sup\u00e9rieure et du style fran\u00e7ais qu'offre une surface de cuisson en vitroc\u00e9ramique.\",\"breadcrumb\":{\"@id\":\"https:\/\/eurokera.com\/fr\/cuisson\/#breadcrumb\"},\"inLanguage\":\"fr-FR\",\"potentialAction\":[{\"@type\":\"ReadAction\",\"target\":[\"https:\/\/eurokera.com\/fr\/cuisson\/\"]}]},{\"@type\":\"ImageObject\",\"inLanguage\":\"fr-FR\",\"@id\":\"https:\/\/eurokera.com\/fr\/cuisson\/#primaryimage\",\"url\":\"https:\/\/eurokera.com\/wp-content\/uploads\/2018\/02\/Home_Header_Overlay_30.jpg\",\"contentUrl\":\"https:\/\/eurokera.com\/wp-content\/uploads\/2018\/02\/Home_Header_Overlay_30.jpg\",\"width\":1600,\"height\":900},{\"@type\":\"BreadcrumbList\",\"@id\":\"https:\/\/eurokera.com\/fr\/cuisson\/#breadcrumb\",\"itemListElement\":[{\"@type\":\"ListItem\",\"position\":1,\"name\":\"Home\",\"item\":\"https:\/\/eurokera.com\/fr\/\"},{\"@type\":\"ListItem\",\"position\":2,\"name\":\"Cuisson\"}]},{\"@type\":\"WebSite\",\"@id\":\"https:\/\/eurokera.com\/fr\/#website\",\"url\":\"https:\/\/eurokera.com\/fr\/\",\"name\":\"EuroKera\",\"description\":\"EuroKera Innovators of Glass-Ceramic Solutions\",\"potentialAction\":[{\"@type\":\"SearchAction\",\"target\":{\"@type\":\"EntryPoint\",\"urlTemplate\":\"https:\/\/eurokera.com\/fr\/?s={search_term_string}\"},\"query-input\":{\"@type\":\"PropertyValueSpecification\",\"valueRequired\":true,\"valueName\":\"search_term_string\"}}],\"inLanguage\":\"fr-FR\"}]}<\/script>\n<!-- \/ Yoast SEO plugin. -->","yoast_head_json":{"title":"La vitroc\u00e9ramique EuroKera pour tables de cuisson \u00e0 la fran\u00e7aise.","description":"La vitroc\u00e9ramique EuroKera est le choix num\u00e9ro un des fabricants de tables de cuisson. Profitez de la performance sup\u00e9rieure et du style fran\u00e7ais qu'offre une surface de cuisson en vitroc\u00e9ramique.","robots":{"index":"index","follow":"follow","max-snippet":"max-snippet:-1","max-image-preview":"max-image-preview:large","max-video-preview":"max-video-preview:-1"},"canonical":"https:\/\/eurokera.com\/fr\/cuisson\/","og_locale":"fr_FR","og_type":"article","og_title":"La vitroc\u00e9ramique EuroKera pour tables de cuisson \u00e0 la fran\u00e7aise.","og_description":"La vitroc\u00e9ramique EuroKera est le choix num\u00e9ro un des fabricants de tables de cuisson. Profitez de la performance sup\u00e9rieure et du style fran\u00e7ais qu'offre une surface de cuisson en vitroc\u00e9ramique.","og_url":"https:\/\/eurokera.com\/fr\/cuisson\/","og_site_name":"EuroKera","article_publisher":"https:\/\/www.facebook.com\/eurokera\/","article_modified_time":"2020-11-11T16:04:41+00:00","og_image":[{"width":1600,"height":900,"url":"https:\/\/eurokera.com\/wp-content\/uploads\/2018\/02\/Home_Header_Overlay_30.jpg","type":"image\/jpeg"}],"twitter_card":"summary_large_image","twitter_title":"EuroKera","twitter_description":"Nos surfaces de cuisson en vitroc\u00e9ramique emb\u00e9lissent l'atmosph\u00e8re en diffusant cette \u00e9l\u00e9gance \u00e0 la fran\u00e7aise. Nous vous invitons \u00e0 profiter de la beaut\u00e9 intemporelle et de la performance in\u00e9gal\u00e9e d'une table de cuisson en vitroc\u00e9ramique EuroKera, le choix haut de gamme pour les cuisines modernes.","twitter_image":"https:\/\/eurokera.com\/wp-content\/uploads\/2018\/02\/Home_Header_Overlay_30.jpg","schema":{"@context":"https:\/\/schema.org","@graph":[{"@type":"WebPage","@id":"https:\/\/eurokera.com\/fr\/cuisson\/","url":"https:\/\/eurokera.com\/fr\/cuisson\/","name":"La vitroc\u00e9ramique EuroKera pour tables de cuisson \u00e0 la fran\u00e7aise.","isPartOf":{"@id":"https:\/\/eurokera.com\/fr\/#website"},"primaryImageOfPage":{"@id":"https:\/\/eurokera.com\/fr\/cuisson\/#primaryimage"},"image":{"@id":"https:\/\/eurokera.com\/fr\/cuisson\/#primaryimage"},"thumbnailUrl":"https:\/\/eurokera.com\/wp-content\/uploads\/2018\/02\/Home_Header_Overlay_30.jpg","datePublished":"2018-08-24T17:33:28+00:00","dateModified":"2020-11-11T16:04:41+00:00","description":"La vitroc\u00e9ramique EuroKera est le choix num\u00e9ro un des fabricants de tables de cuisson. Profitez de la performance sup\u00e9rieure et du style fran\u00e7ais qu'offre une surface de cuisson en vitroc\u00e9ramique.","breadcrumb":{"@id":"https:\/\/eurokera.com\/fr\/cuisson\/#breadcrumb"},"inLanguage":"fr-FR","potentialAction":[{"@type":"ReadAction","target":["https:\/\/eurokera.com\/fr\/cuisson\/"]}]},{"@type":"ImageObject","inLanguage":"fr-FR","@id":"https:\/\/eurokera.com\/fr\/cuisson\/#primaryimage","url":"https:\/\/eurokera.com\/wp-content\/uploads\/2018\/02\/Home_Header_Overlay_30.jpg","contentUrl":"https:\/\/eurokera.com\/wp-content\/uploads\/2018\/02\/Home_Header_Overlay_30.jpg","width":1600,"height":900},{"@type":"BreadcrumbList","@id":"https:\/\/eurokera.com\/fr\/cuisson\/#breadcrumb","itemListElement":[{"@type":"ListItem","position":1,"name":"Home","item":"https:\/\/eurokera.com\/fr\/"},{"@type":"ListItem","position":2,"name":"Cuisson"}]},{"@type":"WebSite","@id":"https:\/\/eurokera.com\/fr\/#website","url":"https:\/\/eurokera.com\/fr\/","name":"EuroKera","description":"EuroKera Innovators of Glass-Ceramic Solutions","potentialAction":[{"@type":"SearchAction","target":{"@type":"EntryPoint","urlTemplate":"https:\/\/eurokera.com\/fr\/?s={search_term_string}"},"query-input":{"@type":"PropertyValueSpecification","valueRequired":true,"valueName":"search_term_string"}}],"inLanguage":"fr-FR"}]}},"_links":{"self":[{"href":"https:\/\/eurokera.com\/fr\/wp-json\/wp\/v2\/pages\/4880","targetHints":{"allow":["GET"]}}],"collection":[{"href":"https:\/\/eurokera.com\/fr\/wp-json\/wp\/v2\/pages"}],"about":[{"href":"https:\/\/eurokera.com\/fr\/wp-json\/wp\/v2\/types\/page"}],"author":[{"embeddable":true,"href":"https:\/\/eurokera.com\/fr\/wp-json\/wp\/v2\/users\/3"}],"replies":[{"embeddable":true,"href":"https:\/\/eurokera.com\/fr\/wp-json\/wp\/v2\/comments?post=4880"}],"version-history":[{"count":0,"href":"https:\/\/eurokera.com\/fr\/wp-json\/wp\/v2\/pages\/4880\/revisions"}],"wp:featuredmedia":[{"embeddable":true,"href":"https:\/\/eurokera.com\/fr\/wp-json\/wp\/v2\/media\/3525"}],"wp:attachment":[{"href":"https:\/\/eurokera.com\/fr\/wp-json\/wp\/v2\/media?parent=4880"}],"curies":[{"name":"wp","href":"https:\/\/api.w.org\/{rel}","templated":true}]}}